{"id":25,"date":"2025-01-13T16:25:05","date_gmt":"2025-01-13T15:25:05","guid":{"rendered":"https:\/\/hotelvitanova.nl\/de\/?page_id=25"},"modified":"2025-01-16T15:38:04","modified_gmt":"2025-01-16T14:38:04","slug":"faq","status":"publish","type":"page","link":"https:\/\/hotelvitanova.nl\/de\/faq\/","title":{"rendered":"FAQs"},"content":{"rendered":"<div id=\"faq-block_f36b51811adb12f4c2701843ab024dce\" class=\"content-block block-cnt-1 block-type-faq space-inside-both-m space-outside-default\" style=\"\">\r\n    <div class=\"container fx-display fx-justify-center\">\r\n        <div class=\"container-small\">\r\n            <div class=\"content\">\r\n                                        <h1 class=\"font-size-h1 color-1\">FAQs<\/h1>\r\n                                            <div class=\"mores\">\r\n                                                        <div class=\"more-item\">\r\n                                    <a href=\"#more-toggle\" class=\"more-toggle font-size-5 color-1 fx-display fx-justify-space-between\">\r\n                                        <span class=\"more-title\">\r\n                                            Wie lauten Ihre Stornobedingungen?                                        <\/span>\r\n                                        <span class=\"more-icon\">\r\n                                            <div>+<\/div>\r\n                                        <\/span>\r\n                                    <\/a>\r\n                                    <div class=\"more-content\">\r\n                                        <div class=\"sc-14ed4ca9-1 gizVdq\">\n<p>Wenn Sie direkt bei uns buchen, k\u00f6nnen Sie bis 1 Tag (24 Stunden) vor Anreise kostenlos stornieren. F\u00fcr jede Buchung die nicht mindestens 24 Stunden vor Anreise storniert wird, werden die Gesamtkosten des Aufenthalts in Rechnung gestellt. Nicht-erstattungsf\u00e4hige Buchungen k\u00f6nnen nicht kostenlos storniert werden. Bei Nichterscheinen wird die Gesamtsumme in Rechnung gestellt.<\/p>\n<p>F\u00fcr Gruppenbuchungen (4 Zimmer oder mehr) gelten gesonderte Stornobedingungen. Eine Gruppenbuchung kann bis sp\u00e4testens 7 Tage vor Anreise kostenlos storniert werden. Wenn die Gruppenbuchung 48 Stunden vor Anreise storniert wird, werden 50% der Aufenthaltskosten in Rechnung gestellt. F\u00fcr jede Buchung die nicht mindestens 48 Stunden vor Ankunft storniert wird, werden die Gesamtkosten des Aufenthalts in Rechnung gestellt.<\/p>\n<p>F\u00fcr Gruppenbuchungen (4 Zimmer oder mehr) gelten gesonderte Stornobedingungen. Eine Gruppenbuchung kann bis sp\u00e4testens 7 Tage vor Anreise kostenlos storniert werden. Wenn die Gruppenbuchung 48 Stunden vor Anreise storniert wird, werden 50% der Aufenthaltskosten in Rechnung gestellt. F\u00fcr jede Buchung die nicht mindestens 48 Stunden vor Ankunft storniert wird, werden die Gesamtkosten des Aufenthalts in Rechnung gestellt.<\/p>\n<\/div>\n                                    <\/div>\r\n                                <\/div>\r\n                                                                <div class=\"more-item\">\r\n                                    <a href=\"#more-toggle\" class=\"more-toggle font-size-5 color-1 fx-display fx-justify-space-between\">\r\n                                        <span class=\"more-title\">\r\n                                            Wo kann ich parken?                                        <\/span>\r\n                                        <span class=\"more-icon\">\r\n                                            <div>+<\/div>\r\n                                        <\/span>\r\n                                    <\/a>\r\n                                    <div class=\"more-content\">\r\n                                        <div class=\"sc-14ed4ca9-1 gizVdq\">\n<p>Wir haben keinen eigenen Parkplatz. Sie k\u00f6nnen vorteilhaft und sicher im Parkhaus Eemplein parken. Der H\u00f6chstsatz pro 24 Stunden ist \u20ac 11,00. Das Parkhaus ist 3 Gehminuten entfernt. Die Adresse ist Eemlaan 21, Amersfoort.<\/p>\n<p>M\u00f6chten Sie kostenlos parken? Sie k\u00f6nnen kostenlos auf den Parkpl\u00e4tzen am Kleine Koppel (navigieren Sie zu Kleine Koppel 56, Amersfoort) oder in den Vierteln um Kwekersweg und Brabantsestraat parken. Bitte parken Sie nicht am Oliemolenhof.<\/p>\n<\/div>\n                                    <\/div>\r\n                                <\/div>\r\n                                                                <div class=\"more-item\">\r\n                                    <a href=\"#more-toggle\" class=\"more-toggle font-size-5 color-1 fx-display fx-justify-space-between\">\r\n                                        <span class=\"more-title\">\r\n                                            Was sind die Check in\/Check out Zeiten?                                        <\/span>\r\n                                        <span class=\"more-icon\">\r\n                                            <div>+<\/div>\r\n                                        <\/span>\r\n                                    <\/a>\r\n                                    <div class=\"more-content\">\r\n                                        <p>Sie k\u00f6nnen ab 16.00 Uhr einchecken und bis 11.00 Uhr auschecken. In Absprache k\u00f6nnen Sie Ihr Gep\u00e4ck vor 16.00 Uhr abgeben.<\/p>\n                                    <\/div>\r\n                                <\/div>\r\n                                                                <div class=\"more-item\">\r\n                                    <a href=\"#more-toggle\" class=\"more-toggle font-size-5 color-1 fx-display fx-justify-space-between\">\r\n                                        <span class=\"more-title\">\r\n                                            Servieren Sie auch Fr\u00fchst\u00fcck?                                        <\/span>\r\n                                        <span class=\"more-icon\">\r\n                                            <div>+<\/div>\r\n                                        <\/span>\r\n                                    <\/a>\r\n                                    <div class=\"more-content\">\r\n                                        <p>F\u00fcr \u20ac 16,50 pro Person servieren wir ein k\u00f6stliches Fr\u00fchst\u00fcck von Dienstag bis Sonntag (nicht am Montag). Von Dienstag bis Freitag wird das Fr\u00fchst\u00fcck zwischen 7.30 und 10.30 serviert, im Wochenende von 9.00 bis 10.30 Uhr.<\/p>\n                                    <\/div>\r\n                                <\/div>\r\n                                                                <div class=\"more-item\">\r\n                                    <a href=\"#more-toggle\" class=\"more-toggle font-size-5 color-1 fx-display fx-justify-space-between\">\r\n                                        <span class=\"more-title\">\r\n                                            Hat B&#038;B Vita Nova einen Fahrradschuppen?                                        <\/span>\r\n                                        <span class=\"more-icon\">\r\n                                            <div>+<\/div>\r\n                                        <\/span>\r\n                                    <\/a>\r\n                                    <div class=\"more-content\">\r\n                                        <p>Vor dem Schiff am Kai befindet sich ein Fahrradschuppen. Es gibt keinen \u00fcberdachten\/bewachten Fahrradschuppen. Leichtgewichtsfahrr\u00e4der wie Rennr\u00e4der k\u00f6nnen in Absprache im Schiff abgestellt werden.<\/p>\n                                    <\/div>\r\n                                <\/div>\r\n                                                                <div class=\"more-item\">\r\n                                    <a href=\"#more-toggle\" class=\"more-toggle font-size-5 color-1 fx-display fx-justify-space-between\">\r\n                                        <span class=\"more-title\">\r\n                                            Akzeptieren Sie Gruppenbuchungen?                                        <\/span>\r\n                                        <span class=\"more-icon\">\r\n                                            <div>+<\/div>\r\n                                        <\/span>\r\n                                    <\/a>\r\n                                    <div class=\"more-content\">\r\n                                        <p>Nat\u00fcrlich! Sehen Sie unsere\u00a0<a href=\"https:\/\/hotelvitanova.nl\/de\/groups\">Gruppen<\/a>\u00a0Seite f\u00fcr weitere Informationen zu Gruppenbuchungen<\/p>\n                                    <\/div>\r\n                                <\/div>\r\n                                                                <div class=\"more-item\">\r\n                                    <a href=\"#more-toggle\" class=\"more-toggle font-size-5 color-1 fx-display fx-justify-space-between\">\r\n                                        <span class=\"more-title\">\r\n                                            Kann ich eine \u00dcbernachtung im Vita Nova verschenken?                                        <\/span>\r\n                                        <span class=\"more-icon\">\r\n                                            <div>+<\/div>\r\n                                        <\/span>\r\n                                    <\/a>\r\n                                    <div class=\"more-content\">\r\n                                        <p>Aber sicher! Nehmen Sie Kontakt mit uns auf, um einen Geschenkgutschein zu bestellen.<\/p>\n                                    <\/div>\r\n                                <\/div>\r\n                                                                <div class=\"more-item\">\r\n                                    <a href=\"#more-toggle\" class=\"more-toggle font-size-5 color-1 fx-display fx-justify-space-between\">\r\n                                        <span class=\"more-title\">\r\n                                            Is das B&#038;B Vita Nova rollstuhlfreundlich?                                        <\/span>\r\n                                        <span class=\"more-icon\">\r\n                                            <div>+<\/div>\r\n                                        <\/span>\r\n                                    <\/a>\r\n                                    <div class=\"more-content\">\r\n                                        <p>Leider ist das B&amp;B Vita Nova nicht rollstuhlfreundlich.<\/p>\n                                    <\/div>\r\n                                <\/div>\r\n                                                                <div class=\"more-item\">\r\n                                    <a href=\"#more-toggle\" class=\"more-toggle font-size-5 color-1 fx-display fx-justify-space-between\">\r\n                                        <span class=\"more-title\">\r\n                                            Ich werde leicht seekrank. Schaukelt das Schiff?                                        <\/span>\r\n                                        <span class=\"more-icon\">\r\n                                            <div>+<\/div>\r\n                                        <\/span>\r\n                                    <\/a>\r\n                                    <div class=\"more-content\">\r\n                                        <p>Das Schiff liegt sehr stabil am Wasser. Nur bei starken Windb\u00f6en kann das Schiff manchmal gegen den Kai gedr\u00fcckt werden. Aber weil das Schiff einen flachen Boden hat, geht das Schiff nicht auf und ab.<\/p>\n                                    <\/div>\r\n                                <\/div>\r\n                                                    <\/div>\r\n                                <\/div>\r\n        <\/div>\r\n    <\/div>\r\n<\/div>\n\n<div id=\"img-block_5c76b99c3cc62f4e04fc6c1d6d012310\" class=\"content-block block-cnt-2 block-type-img space-inside-default space-outside-default\" style=\"\">\n    <img decoding=\"async\" class=\"hide-md\" src=\"https:\/\/hotelvitanova.nl\/de\/wp-content\/graphics\/wp-content-uploads-sites-3-2025-01-hold-4-jpg173702801114006301hold-4hold-41900400lazy.jpg\" title=\"hold-4\" alt=\"hold-4\" loading=\"lazy\" fetchpriority=\"low\" width=\"1400\" height=\"630\" ><img decoding=\"async\" src=\"https:\/\/hotelvitanova.nl\/de\/wp-content\/graphics\/wp-content-uploads-sites-3-2025-01-hold-4-jpg17370280119004001.jpg\" title=\"hold-4\" alt=\"hold-4\" loading=\"lazy\" fetchpriority=\"low\" width=\"900\" height=\"400\"  class=\"show-md\"><\/div>","protected":false},"excerpt":{"rendered":"","protected":false},"author":1,"featured_media":0,"parent":0,"menu_order":0,"comment_status":"closed","ping_status":"closed","template":"","meta":{"_acf_changed":false,"footnotes":""},"class_list":["post-25","page","type-page","status-publish","hentry"],"acf":[],"yoast_head":"<!-- This site is optimized with the Yoast SEO plugin v27.4 - https:\/\/yoast.com\/product\/yoast-seo-wordpress\/ -->\n<title>FAQs - B&amp;B Vita Nova<\/title>\n<meta name=\"robots\" content=\"noindex, follow, max-snippet:-1, max-image-preview:large, max-video-preview:-1\" \/>\n<meta property=\"og:locale\" content=\"de_DE\" \/>\n<meta property=\"og:type\" content=\"article\" \/>\n<meta property=\"og:title\" content=\"FAQs - B&amp;B Vita Nova\" \/>\n<meta property=\"og:url\" content=\"https:\/\/hotelvitanova.nl\/de\/faq\/\" \/>\n<meta property=\"og:site_name\" content=\"B&amp;B Vita Nova\" \/>\n<meta property=\"article:publisher\" content=\"https:\/\/www.facebook.com\/hotelvitanova\/\" \/>\n<meta property=\"article:modified_time\" content=\"2025-01-16T14:38:04+00:00\" \/>\n<meta name=\"twitter:card\" content=\"summary_large_image\" \/>\n<meta name=\"twitter:label1\" content=\"Gesch\u00e4tzte Lesezeit\" \/>\n\t<meta name=\"twitter:data1\" content=\"3 minutes\" \/>\n<script type=\"application\/ld+json\" class=\"yoast-schema-graph\">{\"@context\":\"https:\\\/\\\/schema.org\",\"@graph\":[{\"@type\":\"WebPage\",\"@id\":\"https:\\\/\\\/hotelvitanova.nl\\\/de\\\/faq\\\/\",\"url\":\"https:\\\/\\\/hotelvitanova.nl\\\/de\\\/faq\\\/\",\"name\":\"FAQs - B&amp;B Vita Nova\",\"isPartOf\":{\"@id\":\"https:\\\/\\\/hotelvitanova.nl\\\/de\\\/#website\"},\"datePublished\":\"2025-01-13T15:25:05+00:00\",\"dateModified\":\"2025-01-16T14:38:04+00:00\",\"breadcrumb\":{\"@id\":\"https:\\\/\\\/hotelvitanova.nl\\\/de\\\/faq\\\/#breadcrumb\"},\"inLanguage\":\"de-DE\",\"potentialAction\":[{\"@type\":\"ReadAction\",\"target\":[\"https:\\\/\\\/hotelvitanova.nl\\\/de\\\/faq\\\/\"]}]},{\"@type\":\"BreadcrumbList\",\"@id\":\"https:\\\/\\\/hotelvitanova.nl\\\/de\\\/faq\\\/#breadcrumb\",\"itemListElement\":[{\"@type\":\"ListItem\",\"position\":1,\"name\":\"Home\",\"item\":\"https:\\\/\\\/hotelvitanova.nl\\\/de\\\/\"},{\"@type\":\"ListItem\",\"position\":2,\"name\":\"FAQs\"}]},{\"@type\":\"WebSite\",\"@id\":\"https:\\\/\\\/hotelvitanova.nl\\\/de\\\/#website\",\"url\":\"https:\\\/\\\/hotelvitanova.nl\\\/de\\\/\",\"name\":\"B&amp;B Vita Nova\",\"description\":\"\",\"publisher\":{\"@id\":\"https:\\\/\\\/hotelvitanova.nl\\\/de\\\/#organization\"},\"potentialAction\":[{\"@type\":\"SearchAction\",\"target\":{\"@type\":\"EntryPoint\",\"urlTemplate\":\"https:\\\/\\\/hotelvitanova.nl\\\/de\\\/?s={search_term_string}\"},\"query-input\":{\"@type\":\"PropertyValueSpecification\",\"valueRequired\":true,\"valueName\":\"search_term_string\"}}],\"inLanguage\":\"de-DE\"},{\"@type\":\"Organization\",\"@id\":\"https:\\\/\\\/hotelvitanova.nl\\\/de\\\/#organization\",\"name\":\"B&B Vita Nova\",\"url\":\"https:\\\/\\\/hotelvitanova.nl\\\/de\\\/\",\"logo\":{\"@type\":\"ImageObject\",\"inLanguage\":\"de-DE\",\"@id\":\"https:\\\/\\\/hotelvitanova.nl\\\/de\\\/#\\\/schema\\\/logo\\\/image\\\/\",\"url\":\"https:\\\/\\\/hotelvitanova.nl\\\/de\\\/wp-content\\\/uploads\\\/sites\\\/3\\\/2025\\\/01\\\/logo.svg\",\"contentUrl\":\"https:\\\/\\\/hotelvitanova.nl\\\/de\\\/wp-content\\\/uploads\\\/sites\\\/3\\\/2025\\\/01\\\/logo.svg\",\"width\":1,\"height\":1,\"caption\":\"B&B Vita Nova\"},\"image\":{\"@id\":\"https:\\\/\\\/hotelvitanova.nl\\\/de\\\/#\\\/schema\\\/logo\\\/image\\\/\"},\"sameAs\":[\"https:\\\/\\\/www.facebook.com\\\/hotelvitanova\\\/\"]}]}<\/script>\n<!-- \/ Yoast SEO plugin. -->","yoast_head_json":{"title":"FAQs - B&amp;B Vita Nova","robots":{"index":"noindex","follow":"follow","max-snippet":"max-snippet:-1","max-image-preview":"max-image-preview:large","max-video-preview":"max-video-preview:-1"},"og_locale":"de_DE","og_type":"article","og_title":"FAQs - B&amp;B Vita Nova","og_url":"https:\/\/hotelvitanova.nl\/de\/faq\/","og_site_name":"B&amp;B Vita Nova","article_publisher":"https:\/\/www.facebook.com\/hotelvitanova\/","article_modified_time":"2025-01-16T14:38:04+00:00","twitter_card":"summary_large_image","twitter_misc":{"Gesch\u00e4tzte Lesezeit":"3 minutes"},"schema":{"@context":"https:\/\/schema.org","@graph":[{"@type":"WebPage","@id":"https:\/\/hotelvitanova.nl\/de\/faq\/","url":"https:\/\/hotelvitanova.nl\/de\/faq\/","name":"FAQs - B&amp;B Vita Nova","isPartOf":{"@id":"https:\/\/hotelvitanova.nl\/de\/#website"},"datePublished":"2025-01-13T15:25:05+00:00","dateModified":"2025-01-16T14:38:04+00:00","breadcrumb":{"@id":"https:\/\/hotelvitanova.nl\/de\/faq\/#breadcrumb"},"inLanguage":"de-DE","potentialAction":[{"@type":"ReadAction","target":["https:\/\/hotelvitanova.nl\/de\/faq\/"]}]},{"@type":"BreadcrumbList","@id":"https:\/\/hotelvitanova.nl\/de\/faq\/#breadcrumb","itemListElement":[{"@type":"ListItem","position":1,"name":"Home","item":"https:\/\/hotelvitanova.nl\/de\/"},{"@type":"ListItem","position":2,"name":"FAQs"}]},{"@type":"WebSite","@id":"https:\/\/hotelvitanova.nl\/de\/#website","url":"https:\/\/hotelvitanova.nl\/de\/","name":"B&amp;B Vita Nova","description":"","publisher":{"@id":"https:\/\/hotelvitanova.nl\/de\/#organization"},"potentialAction":[{"@type":"SearchAction","target":{"@type":"EntryPoint","urlTemplate":"https:\/\/hotelvitanova.nl\/de\/?s={search_term_string}"},"query-input":{"@type":"PropertyValueSpecification","valueRequired":true,"valueName":"search_term_string"}}],"inLanguage":"de-DE"},{"@type":"Organization","@id":"https:\/\/hotelvitanova.nl\/de\/#organization","name":"B&B Vita Nova","url":"https:\/\/hotelvitanova.nl\/de\/","logo":{"@type":"ImageObject","inLanguage":"de-DE","@id":"https:\/\/hotelvitanova.nl\/de\/#\/schema\/logo\/image\/","url":"https:\/\/hotelvitanova.nl\/de\/wp-content\/uploads\/sites\/3\/2025\/01\/logo.svg","contentUrl":"https:\/\/hotelvitanova.nl\/de\/wp-content\/uploads\/sites\/3\/2025\/01\/logo.svg","width":1,"height":1,"caption":"B&B Vita Nova"},"image":{"@id":"https:\/\/hotelvitanova.nl\/de\/#\/schema\/logo\/image\/"},"sameAs":["https:\/\/www.facebook.com\/hotelvitanova\/"]}]}},"_links":{"self":[{"href":"https:\/\/hotelvitanova.nl\/de\/wp-json\/wp\/v2\/pages\/25","targetHints":{"allow":["GET"]}}],"collection":[{"href":"https:\/\/hotelvitanova.nl\/de\/wp-json\/wp\/v2\/pages"}],"about":[{"href":"https:\/\/hotelvitanova.nl\/de\/wp-json\/wp\/v2\/types\/page"}],"author":[{"embeddable":true,"href":"https:\/\/hotelvitanova.nl\/de\/wp-json\/wp\/v2\/users\/1"}],"replies":[{"embeddable":true,"href":"https:\/\/hotelvitanova.nl\/de\/wp-json\/wp\/v2\/comments?post=25"}],"version-history":[{"count":7,"href":"https:\/\/hotelvitanova.nl\/de\/wp-json\/wp\/v2\/pages\/25\/revisions"}],"predecessor-version":[{"id":343,"href":"https:\/\/hotelvitanova.nl\/de\/wp-json\/wp\/v2\/pages\/25\/revisions\/343"}],"wp:attachment":[{"href":"https:\/\/hotelvitanova.nl\/de\/wp-json\/wp\/v2\/media?parent=25"}],"curies":[{"name":"wp","href":"https:\/\/api.w.org\/{rel}","templated":true}]}}